{"id":3759,"date":"2025-09-25T11:28:31","date_gmt":"2025-09-25T11:28:31","guid":{"rendered":"https:\/\/en.fpi-inc.com\/?post_type=product&#038;p=3759"},"modified":"2025-12-29T01:55:10","modified_gmt":"2025-12-29T01:55:10","slug":"icp-5000-inductively-coupled-plasma-optical-emission-spectrometericp-oes","status":"publish","type":"product","link":"https:\/\/en.fpi-inc.com\/es\/product\/icp-5000-inductively-coupled-plasma-optical-emission-spectrometericp-oes\/","title":{"rendered":"Espectr\u00f3metro de emisi\u00f3n \u00f3ptica con plasma acoplado inductivamente (ICP-OES) ICP-5000"},"content":{"rendered":"","protected":false},"featured_media":818,"parent":0,"template":"","meta":{"_acf_changed":false},"product-category":[25,29],"class_list":["post-3759","product","type-product","status-publish","has-post-thumbnail","hentry","product-category-scientific-instruments","product-category-spectroscopy"],"acf":[],"_links":{"self":[{"href":"https:\/\/en.fpi-inc.com\/es\/wp-json\/wp\/v2\/product\/3759","targetHints":{"allow":["GET"]}}],"collection":[{"href":"https:\/\/en.fpi-inc.com\/es\/wp-json\/wp\/v2\/product"}],"about":[{"href":"https:\/\/en.fpi-inc.com\/es\/wp-json\/wp\/v2\/types\/product"}],"version-history":[{"count":2,"href":"https:\/\/en.fpi-inc.com\/es\/wp-json\/wp\/v2\/product\/3759\/revisions"}],"predecessor-version":[{"id":6390,"href":"https:\/\/en.fpi-inc.com\/es\/wp-json\/wp\/v2\/product\/3759\/revisions\/6390"}],"wp:featuredmedia":[{"embeddable":true,"href":"https:\/\/en.fpi-inc.com\/es\/wp-json\/wp\/v2\/media\/818"}],"wp:attachment":[{"href":"https:\/\/en.fpi-inc.com\/es\/wp-json\/wp\/v2\/media?parent=3759"}],"wp:term":[{"taxonomy":"product-category","embeddable":true,"href":"https:\/\/en.fpi-inc.com\/es\/wp-json\/wp\/v2\/product-category?post=3759"}],"curies":[{"name":"wp","href":"https:\/\/api.w.org\/{rel}","templated":true}]}}