{"id":7617,"date":"2026-05-14T02:46:00","date_gmt":"2026-05-14T02:46:00","guid":{"rendered":"https:\/\/en.fpi-inc.com\/?post_type=product&#038;p=7617"},"modified":"2026-05-14T02:46:02","modified_gmt":"2026-05-14T02:46:02","slug":"expec-7350-icp-ms-ms","status":"publish","type":"product","link":"https:\/\/en.fpi-inc.com\/es\/product\/expec-7350-icp-ms-ms\/","title":{"rendered":"EXPEC 7350 ICP-MS\/MS"},"content":{"rendered":"<p>El EXPEC 7350 ICP-MS\/MS supera las limitaciones de la tecnolog\u00eda ICP-MS convencional con un avanzado dise\u00f1o de ingenier\u00eda y una serie de innovadores avances tecnol\u00f3gicos, llevando la plataforma ICP-MS dom\u00e9stica a un nuevo nivel de rendimiento. Su exclusivo modo MS\/MS mejora significativamente la capacidad de eliminaci\u00f3n de interferencias, resolviendo eficazmente las interferencias anal\u00edticas m\u00e1s dif\u00edciles y proporcionando una soluci\u00f3n definitiva para el an\u00e1lisis de trazas elementales.<\/p>\n\n\n\n<p><\/p>","protected":false},"featured_media":7619,"parent":0,"template":"","meta":{"_acf_changed":false},"product-category":[30,25],"class_list":["post-7617","product","type-product","status-publish","has-post-thumbnail","hentry","product-category-mass-spectrometer-scientific-instruments","product-category-scientific-instruments"],"acf":[],"_links":{"self":[{"href":"https:\/\/en.fpi-inc.com\/es\/wp-json\/wp\/v2\/product\/7617","targetHints":{"allow":["GET"]}}],"collection":[{"href":"https:\/\/en.fpi-inc.com\/es\/wp-json\/wp\/v2\/product"}],"about":[{"href":"https:\/\/en.fpi-inc.com\/es\/wp-json\/wp\/v2\/types\/product"}],"version-history":[{"count":1,"href":"https:\/\/en.fpi-inc.com\/es\/wp-json\/wp\/v2\/product\/7617\/revisions"}],"predecessor-version":[{"id":7620,"href":"https:\/\/en.fpi-inc.com\/es\/wp-json\/wp\/v2\/product\/7617\/revisions\/7620"}],"wp:featuredmedia":[{"embeddable":true,"href":"https:\/\/en.fpi-inc.com\/es\/wp-json\/wp\/v2\/media\/7619"}],"wp:attachment":[{"href":"https:\/\/en.fpi-inc.com\/es\/wp-json\/wp\/v2\/media?parent=7617"}],"wp:term":[{"taxonomy":"product-category","embeddable":true,"href":"https:\/\/en.fpi-inc.com\/es\/wp-json\/wp\/v2\/product-category?post=7617"}],"curies":[{"name":"wp","href":"https:\/\/api.w.org\/{rel}","templated":true}]}}