{"id":7617,"date":"2026-05-14T02:46:00","date_gmt":"2026-05-14T02:46:00","guid":{"rendered":"https:\/\/en.fpi-inc.com\/?post_type=product&#038;p=7617"},"modified":"2026-05-14T02:46:02","modified_gmt":"2026-05-14T02:46:02","slug":"expec-7350-icp-ms-ms","status":"publish","type":"product","link":"https:\/\/en.fpi-inc.com\/fr\/product\/expec-7350-icp-ms-ms\/","title":{"rendered":"EXPEC 7350 ICP-MS\/MS"},"content":{"rendered":"<p>L'EXPEC 7350 ICP-MS\/MS d\u00e9passe les limites de la technologie ICP-MS conventionnelle gr\u00e2ce \u00e0 une conception technique avanc\u00e9e et \u00e0 une s\u00e9rie de perc\u00e9es technologiques innovantes, amenant la plate-forme ICP-MS nationale \u00e0 un nouveau niveau de performance. Son mode MS\/MS unique am\u00e9liore consid\u00e9rablement la capacit\u00e9 d'\u00e9limination des interf\u00e9rences, r\u00e9solvant efficacement les interf\u00e9rences analytiques les plus difficiles et fournissant une solution ultime pour l'analyse des traces \u00e9l\u00e9mentaires.<\/p>\n\n\n\n<p><\/p>","protected":false},"featured_media":7619,"parent":0,"template":"","meta":{"_acf_changed":false},"product-category":[30,25],"class_list":["post-7617","product","type-product","status-publish","has-post-thumbnail","hentry","product-category-mass-spectrometer-scientific-instruments","product-category-scientific-instruments"],"acf":[],"_links":{"self":[{"href":"https:\/\/en.fpi-inc.com\/fr\/wp-json\/wp\/v2\/product\/7617","targetHints":{"allow":["GET"]}}],"collection":[{"href":"https:\/\/en.fpi-inc.com\/fr\/wp-json\/wp\/v2\/product"}],"about":[{"href":"https:\/\/en.fpi-inc.com\/fr\/wp-json\/wp\/v2\/types\/product"}],"version-history":[{"count":1,"href":"https:\/\/en.fpi-inc.com\/fr\/wp-json\/wp\/v2\/product\/7617\/revisions"}],"predecessor-version":[{"id":7620,"href":"https:\/\/en.fpi-inc.com\/fr\/wp-json\/wp\/v2\/product\/7617\/revisions\/7620"}],"wp:featuredmedia":[{"embeddable":true,"href":"https:\/\/en.fpi-inc.com\/fr\/wp-json\/wp\/v2\/media\/7619"}],"wp:attachment":[{"href":"https:\/\/en.fpi-inc.com\/fr\/wp-json\/wp\/v2\/media?parent=7617"}],"wp:term":[{"taxonomy":"product-category","embeddable":true,"href":"https:\/\/en.fpi-inc.com\/fr\/wp-json\/wp\/v2\/product-category?post=7617"}],"curies":[{"name":"wp","href":"https:\/\/api.w.org\/{rel}","templated":true}]}}