{"id":3798,"date":"2025-09-25T12:06:27","date_gmt":"2025-09-25T12:06:27","guid":{"rendered":"https:\/\/en.fpi-inc.com\/?post_type=product&#038;p=3798"},"modified":"2025-12-16T03:12:16","modified_gmt":"2025-12-16T03:12:16","slug":"waga-100-water-soluble-ion-analyzer","status":"publish","type":"product","link":"https:\/\/en.fpi-inc.com\/pt\/product\/waga-100-water-soluble-ion-analyzer\/","title":{"rendered":"Analisador de i\u00f5es sol\u00faveis em \u00e1gua WAGA-100"},"content":{"rendered":"","protected":false},"featured_media":800,"parent":0,"template":"","meta":{"_acf_changed":false},"product-category":[42,40,52],"class_list":["post-3798","product","type-product","status-publish","has-post-thumbnail","hentry","product-category-ambient-air","product-category-environmental-monitoring","product-category-particulatesource-analysis-system"],"acf":[],"_links":{"self":[{"href":"https:\/\/en.fpi-inc.com\/pt\/wp-json\/wp\/v2\/product\/3798","targetHints":{"allow":["GET"]}}],"collection":[{"href":"https:\/\/en.fpi-inc.com\/pt\/wp-json\/wp\/v2\/product"}],"about":[{"href":"https:\/\/en.fpi-inc.com\/pt\/wp-json\/wp\/v2\/types\/product"}],"version-history":[{"count":1,"href":"https:\/\/en.fpi-inc.com\/pt\/wp-json\/wp\/v2\/product\/3798\/revisions"}],"predecessor-version":[{"id":5784,"href":"https:\/\/en.fpi-inc.com\/pt\/wp-json\/wp\/v2\/product\/3798\/revisions\/5784"}],"wp:featuredmedia":[{"embeddable":true,"href":"https:\/\/en.fpi-inc.com\/pt\/wp-json\/wp\/v2\/media\/800"}],"wp:attachment":[{"href":"https:\/\/en.fpi-inc.com\/pt\/wp-json\/wp\/v2\/media?parent=3798"}],"wp:term":[{"taxonomy":"product-category","embeddable":true,"href":"https:\/\/en.fpi-inc.com\/pt\/wp-json\/wp\/v2\/product-category?post=3798"}],"curies":[{"name":"wp","href":"https:\/\/api.w.org\/{rel}","templated":true}]}}