{"id":7617,"date":"2026-05-14T02:46:00","date_gmt":"2026-05-14T02:46:00","guid":{"rendered":"https:\/\/en.fpi-inc.com\/?post_type=product&#038;p=7617"},"modified":"2026-05-14T02:46:02","modified_gmt":"2026-05-14T02:46:02","slug":"expec-7350-icp-ms-ms","status":"publish","type":"product","link":"https:\/\/en.fpi-inc.com\/pt\/product\/expec-7350-icp-ms-ms\/","title":{"rendered":"EXPEC 7350 ICP-MS\/MS"},"content":{"rendered":"<p>O EXPEC 7350 ICP-MS\/MS ultrapassa as limita\u00e7\u00f5es da tecnologia ICP-MS convencional com um design de engenharia avan\u00e7ado e uma s\u00e9rie de avan\u00e7os tecnol\u00f3gicos inovadores, levando a plataforma ICP-MS dom\u00e9stica a um novo n\u00edvel de desempenho. O seu modo MS\/MS \u00fanico aumenta significativamente a capacidade de remo\u00e7\u00e3o de interfer\u00eancias, resolvendo eficazmente as interfer\u00eancias anal\u00edticas mais dif\u00edceis e fornecendo uma solu\u00e7\u00e3o definitiva para a an\u00e1lise de elementos vestigiais.<\/p>\n\n\n\n<p><\/p>","protected":false},"featured_media":7619,"parent":0,"template":"","meta":{"_acf_changed":false},"product-category":[30,25],"class_list":["post-7617","product","type-product","status-publish","has-post-thumbnail","hentry","product-category-mass-spectrometer-scientific-instruments","product-category-scientific-instruments"],"acf":[],"_links":{"self":[{"href":"https:\/\/en.fpi-inc.com\/pt\/wp-json\/wp\/v2\/product\/7617","targetHints":{"allow":["GET"]}}],"collection":[{"href":"https:\/\/en.fpi-inc.com\/pt\/wp-json\/wp\/v2\/product"}],"about":[{"href":"https:\/\/en.fpi-inc.com\/pt\/wp-json\/wp\/v2\/types\/product"}],"version-history":[{"count":1,"href":"https:\/\/en.fpi-inc.com\/pt\/wp-json\/wp\/v2\/product\/7617\/revisions"}],"predecessor-version":[{"id":7620,"href":"https:\/\/en.fpi-inc.com\/pt\/wp-json\/wp\/v2\/product\/7617\/revisions\/7620"}],"wp:featuredmedia":[{"embeddable":true,"href":"https:\/\/en.fpi-inc.com\/pt\/wp-json\/wp\/v2\/media\/7619"}],"wp:attachment":[{"href":"https:\/\/en.fpi-inc.com\/pt\/wp-json\/wp\/v2\/media?parent=7617"}],"wp:term":[{"taxonomy":"product-category","embeddable":true,"href":"https:\/\/en.fpi-inc.com\/pt\/wp-json\/wp\/v2\/product-category?post=7617"}],"curies":[{"name":"wp","href":"https:\/\/api.w.org\/{rel}","templated":true}]}}