{"id":804,"date":"2025-08-14T01:04:36","date_gmt":"2025-08-14T01:04:36","guid":{"rendered":"https:\/\/en.fpi-inc.com\/?post_type=product&#038;p=804"},"modified":"2025-12-25T01:33:26","modified_gmt":"2025-12-25T01:33:26","slug":"lga-4500-bypass-tunable-diode-laser-tdl-analyzer","status":"publish","type":"product","link":"https:\/\/en.fpi-inc.com\/pt\/product\/lga-4500-bypass-tunable-diode-laser-tdl-analyzer\/","title":{"rendered":"Analisador de laser de d\u00edodo sintoniz\u00e1vel (TDL) com deriva\u00e7\u00e3o LGA-4500"},"content":{"rendered":"","protected":false},"featured_media":782,"parent":0,"template":"","meta":{"_acf_changed":false},"product-category":[15,23],"class_list":["post-804","product","type-product","status-publish","has-post-thumbnail","hentry","product-category-indusrial-process","product-category-laser"],"acf":[],"_links":{"self":[{"href":"https:\/\/en.fpi-inc.com\/pt\/wp-json\/wp\/v2\/product\/804","targetHints":{"allow":["GET"]}}],"collection":[{"href":"https:\/\/en.fpi-inc.com\/pt\/wp-json\/wp\/v2\/product"}],"about":[{"href":"https:\/\/en.fpi-inc.com\/pt\/wp-json\/wp\/v2\/types\/product"}],"version-history":[{"count":5,"href":"https:\/\/en.fpi-inc.com\/pt\/wp-json\/wp\/v2\/product\/804\/revisions"}],"predecessor-version":[{"id":6309,"href":"https:\/\/en.fpi-inc.com\/pt\/wp-json\/wp\/v2\/product\/804\/revisions\/6309"}],"wp:featuredmedia":[{"embeddable":true,"href":"https:\/\/en.fpi-inc.com\/pt\/wp-json\/wp\/v2\/media\/782"}],"wp:attachment":[{"href":"https:\/\/en.fpi-inc.com\/pt\/wp-json\/wp\/v2\/media?parent=804"}],"wp:term":[{"taxonomy":"product-category","embeddable":true,"href":"https:\/\/en.fpi-inc.com\/pt\/wp-json\/wp\/v2\/product-category?post=804"}],"curies":[{"name":"wp","href":"https:\/\/api.w.org\/{rel}","templated":true}]}}